{"id":1507,"date":"2024-02-08T19:41:58","date_gmt":"2024-02-08T19:41:58","guid":{"rendered":"https:\/\/ozbolt.si\/o-podjetju\/"},"modified":"2024-11-14T16:25:27","modified_gmt":"2024-11-14T16:25:27","slug":"uber-uns","status":"publish","type":"page","link":"https:\/\/ozbolt.si\/de\/uber-uns\/","title":{"rendered":"\u00dcber uns"},"content":{"rendered":"\n<div class=\"wp-block-cover alignfull md-mb-10 wp-duotone-black-and-white\" style=\"min-height:50vw;aspect-ratio:unset;\"><span aria-hidden=\"true\" class=\"wp-block-cover__background has-background-dim-60 has-background-dim\" style=\"background-color:#0c0c0c\"><\/span><img loading=\"lazy\" decoding=\"async\" width=\"1198\" height=\"825\" class=\"wp-block-cover__image-background wp-image-939\" alt=\"\" src=\"https:\/\/ozbolt.si\/wp-content\/uploads\/2024\/07\/ozbolt-crop-1.png\" style=\"object-position:0% 35%\" data-object-fit=\"cover\" data-object-position=\"0% 35%\" srcset=\"https:\/\/ozbolt.si\/wp-content\/uploads\/2024\/07\/ozbolt-crop-1.png 1198w, https:\/\/ozbolt.si\/wp-content\/uploads\/2024\/07\/ozbolt-crop-1-300x207.png 300w, https:\/\/ozbolt.si\/wp-content\/uploads\/2024\/07\/ozbolt-crop-1-1024x705.png 1024w, https:\/\/ozbolt.si\/wp-content\/uploads\/2024\/07\/ozbolt-crop-1-768x529.png 768w\" sizes=\"auto, (max-width: 1198px) 100vw, 1198px\" \/><div class=\"wp-block-cover__inner-container is-layout-flow wp-block-cover-is-layout-flow\"><div style=\"--bb--crumb-gap:.4em;\" class=\"bread-abs wp-elements-fdfc3b6499f9788e79f689cf715a0163 wp-block-boldblocks-breadcrumb-block has-text-color has-base-color has-x-small-font-size\"><nav role=\"navigation\" aria-label=\"Breadcrumbs\" class=\"breadcrumb\"><ol class=\"breadcrumb-items\"><li class=\"breadcrumb-item breadcrumb-item--current breadcrumb-item--home\"><span class=\"breadcrumb-item-name\">Home<\/span><\/li><\/ol><\/nav><\/div>\n\n\n<h1 class=\"wp-block-heading has-text-align-left has-primary-color has-text-color has-link-color has-max-72-font-size wp-elements-7374a4bfadfdadb15776e365a65c9449\">\u00dcber uns<\/h1>\n\n\n\n<p class=\"max-width-1200 has-max-36-font-size\" style=\"font-style:normal;font-weight:200\"><strong><br\/><\/strong>Ein Familienunternehmen mit 30-j\u00e4hrigen Tradition in der Herstellung von Gestellen f\u00fcr galvanische und andere Verfahren, in der Fertigung von Stahlkonstruktionen und Metallurgie<\/p>\n<\/div><\/div>\n\n<div class=\"wp-block-group has-global-padding is-layout-constrained wp-block-group-is-layout-constrained\" style=\"margin-top:0;margin-bottom:0;padding-bottom:0\">\n<div class=\"wp-block-columns sm-gap-2 is-layout-flex wp-container-core-columns-is-layout-28f84493 wp-block-columns-is-layout-flex\">\n<div class=\"wp-block-column is-layout-flow wp-block-column-is-layout-flow\">\n<h2 class=\"wp-block-heading\">\u00dcBER UNS<\/h2>\n<\/div>\n\n\n\n<div class=\"wp-block-column is-layout-flow wp-block-column-is-layout-flow\">\n<p class=\"sm-mb-32 has-max-48-font-size\" style=\"margin-bottom:var(--wp--preset--spacing--large);line-height:1.4\"><strong>Im Unternehmen O\u017dBOLT d.o.o. sind wir stolz darauf, dass wir stets auf die Bed\u00fcrfnisse unserer Kunden eingehen. Das ist auch der Grund daf\u00fcr, dass wir unsere T\u00e4tigkeit auf die M\u00e4rkte der ganzen EU, des Westbalkans und dar\u00fcber hinaus ausweiten konnten.<\/strong><\/p>\n\n\n\n<p class=\"has-text-align-left sm-mb-32\" style=\"margin-top:0;margin-bottom:var(--wp--preset--spacing--x-large)\">Im Laufe der Jahre haben wir unser Unternehmen mit gro\u00dfem Engagement, durch harte Arbeit und kontinuierliche Investitionen in die technologischen und wissenschaftlichen Aspekte unserer Gesch\u00e4ftst\u00e4tigkeit erfolgreich weiter entwickelt. Unsere Verpflichtung zur Spitzenqualit\u00e4t f\u00fchrte zur Erweiterung unserer Palette von Produkten, die wir mit Stolz selbst oder in Zusammenarbeit mit unseren gesch\u00e4tzten Partnern herstellen. <\/p>\n<\/div>\n<\/div>\n<\/div>\n\n<div class=\"wp-block-columns alignfull is-layout-flex wp-container-core-columns-is-layout-61552176 wp-block-columns-is-layout-flex\" style=\"margin-top:0;margin-bottom:0;padding-right:0;padding-left:0\">\n<div class=\"wp-block-column is-layout-flow wp-block-column-is-layout-flow\" style=\"flex-basis:100%\">\n<figure class=\"wp-block-image alignright size-full is-resized sm-mrl-16 wp-duotone-unset-1\"><img loading=\"lazy\" decoding=\"async\" width=\"960\" height=\"960\" src=\"https:\/\/ozbolt.si\/wp-content\/uploads\/2024\/04\/Group-69-1.png\" alt=\"\" class=\"wp-image-462\" style=\"object-fit:cover;width:1260px;height:960px\" srcset=\"https:\/\/ozbolt.si\/wp-content\/uploads\/2024\/04\/Group-69-1.png 960w, https:\/\/ozbolt.si\/wp-content\/uploads\/2024\/04\/Group-69-1-300x300.png 300w, https:\/\/ozbolt.si\/wp-content\/uploads\/2024\/04\/Group-69-1-150x150.png 150w, https:\/\/ozbolt.si\/wp-content\/uploads\/2024\/04\/Group-69-1-768x768.png 768w\" sizes=\"auto, (max-width: 960px) 100vw, 960px\" \/><\/figure>\n<\/div>\n<\/div>\n\n<div class=\"wp-block-group has-global-padding is-layout-constrained wp-block-group-is-layout-constrained\" style=\"margin-top:0;margin-bottom:0;padding-top:var(--wp--preset--spacing--xm-large)\">\n<div class=\"wp-block-columns sm-reverse-mobile is-layout-flex wp-container-core-columns-is-layout-867d1d8d wp-block-columns-is-layout-flex\">\n<div class=\"wp-block-column is-layout-flow wp-block-column-is-layout-flow\">\n<figure class=\"wp-block-image size-full is-resized wp-duotone-black-and-white\"><img loading=\"lazy\" decoding=\"async\" width=\"2560\" height=\"1440\" src=\"https:\/\/ozbolt.si\/wp-content\/uploads\/2024\/07\/Ozbolt-2-2-scaled.jpg\" alt=\"\" class=\"wp-image-1029\" style=\"object-fit:cover;width:640px;height:650px\" srcset=\"https:\/\/ozbolt.si\/wp-content\/uploads\/2024\/07\/Ozbolt-2-2-scaled.jpg 2560w, https:\/\/ozbolt.si\/wp-content\/uploads\/2024\/07\/Ozbolt-2-2-300x169.jpg 300w, https:\/\/ozbolt.si\/wp-content\/uploads\/2024\/07\/Ozbolt-2-2-1024x576.jpg 1024w, https:\/\/ozbolt.si\/wp-content\/uploads\/2024\/07\/Ozbolt-2-2-768x432.jpg 768w, https:\/\/ozbolt.si\/wp-content\/uploads\/2024\/07\/Ozbolt-2-2-1536x864.jpg 1536w, https:\/\/ozbolt.si\/wp-content\/uploads\/2024\/07\/Ozbolt-2-2-2048x1152.jpg 2048w\" sizes=\"auto, (max-width: 2560px) 100vw, 2560px\" \/><\/figure>\n<\/div>\n\n\n\n<div class=\"wp-block-column is-layout-flow wp-block-column-is-layout-flow\">\n<p class=\"sm-mb-1\">Wir sind ein innovativer und f\u00fchrender Hersteller und Lieferant von Spannwerkzeugen f\u00fcr die Oberfl\u00e4chen- bzw. elektrochemische Industrie in der EU und im Westbalkan. Wir sind auch in anderen Zweigen der Metallurgie t\u00e4tig. Von unseren langj\u00e4hrigen Erfahrungen profitieren internationale Unternehmen und auch Konzerne. Die Vision unseres Unternehmens ist es, stets in die Entwicklung des Unternehmens zu investieren, technologische Prozesse zu modernisieren und die erreichte Marktposition zu erhalten. Unser Standort am Knotenpunkt Europas erm\u00f6glicht es uns, sich gut mit den Kunden zu verbinden und ihnen einen guten Kundendienst anzubieten.     <\/p>\n<\/div>\n<\/div>\n<\/div>\n\n<p><\/p>\n\n<div class=\"wp-block-group relative block has-global-padding is-layout-constrained wp-container-core-group-is-layout-4649d140 wp-block-group-is-layout-constrained\" style=\"padding-top:0;padding-right:0;padding-bottom:0;padding-left:0\">\n<div class=\"wp-block-columns sm-mt-0 sm-gap-2 is-layout-flex wp-container-core-columns-is-layout-28f84493 wp-block-columns-is-layout-flex\">\n<div class=\"wp-block-column is-layout-flow wp-block-column-is-layout-flow\" style=\"flex-basis:66.66%\">\n<figure class=\"wp-block-image size-full wp-duotone-unset-2\" data-aos=\"slide-right\" data-aos-duration=\"1100\"><img loading=\"lazy\" decoding=\"async\" width=\"2560\" height=\"1440\" src=\"https:\/\/ozbolt.si\/wp-content\/uploads\/2024\/07\/Ozbolt-2-2-scaled.jpg\" alt=\"\" class=\"wp-image-1029\" srcset=\"https:\/\/ozbolt.si\/wp-content\/uploads\/2024\/07\/Ozbolt-2-2-scaled.jpg 2560w, https:\/\/ozbolt.si\/wp-content\/uploads\/2024\/07\/Ozbolt-2-2-300x169.jpg 300w, https:\/\/ozbolt.si\/wp-content\/uploads\/2024\/07\/Ozbolt-2-2-1024x576.jpg 1024w, https:\/\/ozbolt.si\/wp-content\/uploads\/2024\/07\/Ozbolt-2-2-768x432.jpg 768w, https:\/\/ozbolt.si\/wp-content\/uploads\/2024\/07\/Ozbolt-2-2-1536x864.jpg 1536w, https:\/\/ozbolt.si\/wp-content\/uploads\/2024\/07\/Ozbolt-2-2-2048x1152.jpg 2048w\" sizes=\"auto, (max-width: 2560px) 100vw, 2560px\" \/><\/figure>\n<\/div>\n\n\n\n<div class=\"wp-block-column is-vertically-aligned-bottom overimage-col sm-pt-0 sm-plr-0 is-layout-flow wp-block-column-is-layout-flow\" style=\"padding-top:var(--wp--preset--spacing--large);padding-bottom:var(--wp--preset--spacing--medium);padding-left:var(--wp--preset--spacing--medium);flex-basis:800px\">\n<h2 class=\"wp-block-heading\" style=\"margin-bottom:var(--wp--preset--spacing--small)\">Unsere Mission, Vorteile und Ziele<\/h2>\n\n\n\n<p>Wir engagieren uns f\u00fcr unsere Kunden und ihre Ziele, indem wir mit einem kompletten Angebot an L\u00f6sungen, mit technischer Unterst\u00fctzung und professionellen Dienstleistungen zu ihrem Fortschritt beitragen.<br\/>Bei der Lieferantenauswahl entscheiden wir uns f\u00fcr etablierte und anerkannte Anbieter hochwertiger und modernster technologischer L\u00f6sungen.<br\/>Damit k\u00f6nnen wir auch auf anspruchsvolle Bed\u00fcrfnisse von Kunden eingehen, die neue Herausforderungen in der Forschung mit den bestehenden Methoden nicht bew\u00e4ltigen k\u00f6nnen.<\/p>\n\n\n\n<p>Fachkompetenz und Zuverl\u00e4ssigkeit, Reaktionsf\u00e4higkeit und Anpassungsf\u00e4higkeit sind unsere Vorteile, die unsere Kunden sch\u00e4tzen und mit denen wir ihr Vertrauen gewinnen.<br\/>Mit neuen Kenntnissen und Verbesserungen werden wir uns auch in der Zukunft bem\u00fchen, feste Kundenbeziehungen aufzubauen.<\/p>\n<\/div>\n<\/div>\n<\/div>\n\n<div class=\"wp-block-group has-global-padding is-layout-constrained wp-block-group-is-layout-constrained\" style=\"margin-top:0;margin-bottom:0;padding-top:var(--wp--preset--spacing--xx-large)\">\n<div class=\"wp-block-columns is-layout-flex wp-container-core-columns-is-layout-867d1d8d wp-block-columns-is-layout-flex\">\n<div class=\"wp-block-column is-layout-flow wp-block-column-is-layout-flow\">\n<h3 class=\"wp-block-heading has-max-48-font-size\" style=\"margin-bottom:var(--wp--preset--spacing--xx-large);font-style:normal;font-weight:500\">Schlie\u00dfen Sie sich unserem erfolgreichen Team an!<\/h3>\n\n\n\n<p><strong>Was erwarten wir von Ihnen?<\/strong><br\/>Wir sch\u00e4tzen Kenntnisse, Fachkompetenz und Kreativit\u00e4t unserer Mitarbeiter.<\/p>\n\n\n\n<p><strong>Was bieten wir?<\/strong><br\/>Bei unserer Arbeit streben wir nach Perfektion. Wir bieten optimale Arbeitsbedingungen, Weiterbildung und pers\u00f6nliche Entwicklung. <br\/><br\/>In unserem Team sind wir uns bewusst, dass zufriedene und motivierte Mitarbeiter der Schl\u00fcssel zum Erfolg unseres Unternehmens sind. Deshalb laden wir alle ein, die sich in der Beschreibung unseres dynamischen Arbeitsumfeldes wiederfinden und die Gelegenheit, sich pers\u00f6nlich und beruflich weiterzuentwickeln, zu sch\u00e4tzen wissen, uns Ihre Bewerbung samt Lebenslauf zukommen zu lassen. <\/p>\n\n\n\n<p>Im Unternehmen O\u017dBOLT d.o.o. legen wir gro\u00dfen Wert darauf, gute Beziehungen am Arbeitsplatz aufzubauen und unsere Mitarbeiter bei ihrer fachlichen und pers\u00f6nlichen Weiterentwicklung zu unterst\u00fctzen. Sind Sie ehrgeizig und innovativ und wollen Sie zum Erfolg unseres Unternehmens beitragen, laden wir Sie ein, sich unserem Team anzuschlie\u00dfen. Lassen Sie sich die Gelegenheit zum Karriereaufbau in einem dynamischen Arbeitsumfeld, in dem Perfektion stets an erster Stelle steht, nicht entgehen! Senden Sie uns Ihre Bewerbung zu, damit wir gemeinsam eine Zukunft voll von Erfolg und Herausforderungen schaffen k\u00f6nnen.   <\/p>\n\n\n\n<div class=\"wp-block-buttons is-layout-flex wp-block-buttons-is-layout-flex\">\n<div class=\"wp-block-button is-style-outline is-style-outline--3\"><a class=\"wp-block-button__link wp-element-button\" href=\"https:\/\/ozbolt.si\/de\/?page_id=1612\">Kontakt aufnehmen<\/a><\/div>\n<\/div>\n<\/div>\n\n\n\n<div class=\"wp-block-column is-layout-flow wp-block-column-is-layout-flow\">\n<p style=\"margin-bottom:var(--wp--preset--spacing--medium)\"><\/p>\n\n\n\n<figure class=\"wp-block-image size-full is-resized wp-duotone-unset-4\"><img loading=\"lazy\" decoding=\"async\" width=\"2560\" height=\"1707\" src=\"https:\/\/ozbolt.si\/wp-content\/uploads\/2024\/07\/Ozbolt-37-scaled.jpg\" alt=\"\" class=\"wp-image-942\" style=\"object-fit:cover;width:640px;height:650px\" srcset=\"https:\/\/ozbolt.si\/wp-content\/uploads\/2024\/07\/Ozbolt-37-scaled.jpg 2560w, https:\/\/ozbolt.si\/wp-content\/uploads\/2024\/07\/Ozbolt-37-300x200.jpg 300w, https:\/\/ozbolt.si\/wp-content\/uploads\/2024\/07\/Ozbolt-37-1024x683.jpg 1024w, https:\/\/ozbolt.si\/wp-content\/uploads\/2024\/07\/Ozbolt-37-768x512.jpg 768w, https:\/\/ozbolt.si\/wp-content\/uploads\/2024\/07\/Ozbolt-37-1536x1024.jpg 1536w, https:\/\/ozbolt.si\/wp-content\/uploads\/2024\/07\/Ozbolt-37-2048x1365.jpg 2048w\" sizes=\"auto, (max-width: 2560px) 100vw, 2560px\" \/><\/figure>\n<\/div>\n<\/div>\n<\/div>\n","protected":false},"excerpt":{"rendered":"<p>\u00dcBER UNS Im Unternehmen O\u017dBOLT d.o.o. sind wir stolz darauf, dass wir stets auf die Bed\u00fcrfnisse unserer Kunden eingehen. Das ist auch der Grund daf\u00fcr, dass wir unsere T\u00e4tigkeit auf die M\u00e4rkte der ganzen EU, des Westbalkans und dar\u00fcber hinaus ausweiten konnten. Im Laufe der Jahre haben wir unser Unternehmen mit gro\u00dfem Engagement, durch harte [&hellip;]<\/p>\n","protected":false},"author":1,"featured_media":0,"parent":0,"menu_order":0,"comment_status":"closed","ping_status":"closed","template":"","meta":{"om_disable_all_campaigns":false,"_monsterinsights_skip_tracking":false,"_monsterinsights_sitenote_active":false,"_monsterinsights_sitenote_note":"","_monsterinsights_sitenote_category":0,"footnotes":""},"class_list":["post-1507","page","type-page","status-publish","hentry"],"aioseo_notices":[],"_links":{"self":[{"href":"https:\/\/ozbolt.si\/de\/wp-json\/wp\/v2\/pages\/1507","targetHints":{"allow":["GET"]}}],"collection":[{"href":"https:\/\/ozbolt.si\/de\/wp-json\/wp\/v2\/pages"}],"about":[{"href":"https:\/\/ozbolt.si\/de\/wp-json\/wp\/v2\/types\/page"}],"author":[{"embeddable":true,"href":"https:\/\/ozbolt.si\/de\/wp-json\/wp\/v2\/users\/1"}],"replies":[{"embeddable":true,"href":"https:\/\/ozbolt.si\/de\/wp-json\/wp\/v2\/comments?post=1507"}],"version-history":[{"count":5,"href":"https:\/\/ozbolt.si\/de\/wp-json\/wp\/v2\/pages\/1507\/revisions"}],"predecessor-version":[{"id":1645,"href":"https:\/\/ozbolt.si\/de\/wp-json\/wp\/v2\/pages\/1507\/revisions\/1645"}],"wp:attachment":[{"href":"https:\/\/ozbolt.si\/de\/wp-json\/wp\/v2\/media?parent=1507"}],"curies":[{"name":"wp","href":"https:\/\/api.w.org\/{rel}","templated":true}]}}